{"id":4853,"date":"2016-12-24T02:17:50","date_gmt":"2016-12-24T02:17:50","guid":{"rendered":"http:\/\/metrotvla.com\/web\/?page_id=4853\/"},"modified":"2024-02-23T16:21:24","modified_gmt":"2024-02-23T16:21:24","slug":"index-documentaries","status":"publish","type":"page","link":"https:\/\/metrotvla.com\/en\/index-documentaries","title":{"rendered":"Index documentaries"},"content":{"rendered":"<p>[et_pb_section fb_built=&#8221;1&#8243; custom_padding_last_edited=&#8221;on|desktop&#8221; admin_label=&#8221;section&#8221; _builder_version=&#8221;4.16&#8243; background_color=&#8221;rgba(255,255,255,0)&#8221; custom_padding_tablet=&#8221;50px|0|50px|0&#8243; custom_padding_phone=&#8221;&#8221; transparent_background=&#8221;on&#8221; padding_mobile=&#8221;off&#8221; make_fullwidth=&#8221;off&#8221; use_custom_width=&#8221;off&#8221; width_unit=&#8221;on&#8221; custom_width_px=&#8221;1080px&#8221; custom_width_percent=&#8221;80%&#8221; global_colors_info=&#8221;{}&#8221;][et_pb_row padding_mobile=&#8221;off&#8221; column_padding_mobile=&#8221;on&#8221; _builder_version=&#8221;4.16&#8243; background_size=&#8221;initial&#8221; background_position=&#8221;top_left&#8221; background_repeat=&#8221;repeat&#8221; make_fullwidth=&#8221;off&#8221; use_custom_width=&#8221;off&#8221; width_unit=&#8221;on&#8221; custom_width_px=&#8221;1080px&#8221; custom_width_percent=&#8221;80%&#8221; global_colors_info=&#8221;{}&#8221;][et_pb_column type=&#8221;4_4&#8243; _builder_version=&#8221;4.16&#8243; custom_padding=&#8221;|||&#8221; global_colors_info=&#8221;{}&#8221; custom_padding__hover=&#8221;|||&#8221;][et_pb_text _builder_version=&#8221;4.16&#8243; background_size=&#8221;initial&#8221; background_position=&#8221;top_left&#8221; background_repeat=&#8221;repeat&#8221; text_orientation=&#8221;right&#8221; use_border_color=&#8221;off&#8221; border_color=&#8221;#ffffff&#8221; border_style=&#8221;solid&#8221; global_colors_info=&#8221;{}&#8221;]<\/p>\n<h1>DOCUMENTARIES<\/h1>\n<p>[\/et_pb_text][\/et_pb_column][\/et_pb_row][et_pb_row padding_mobile=&#8221;off&#8221; column_padding_mobile=&#8221;on&#8221; _builder_version=&#8221;4.16&#8243; background_color=&#8221;rgba(0,0,0,0.72)&#8221; background_size=&#8221;initial&#8221; background_position=&#8221;top_left&#8221; background_repeat=&#8221;repeat&#8221; custom_padding=&#8221;|20px||20px&#8221; make_fullwidth=&#8221;off&#8221; use_custom_width=&#8221;off&#8221; width_unit=&#8221;on&#8221; custom_width_px=&#8221;1080px&#8221; custom_width_percent=&#8221;80%&#8221; global_colors_info=&#8221;{}&#8221;][et_pb_column type=&#8221;4_4&#8243; _builder_version=&#8221;4.16&#8243; custom_padding=&#8221;|||&#8221; global_colors_info=&#8221;{}&#8221; custom_padding__hover=&#8221;|||&#8221;][et_pb_tabs active_tab_background_color=&#8221;rgba(216,0,86,0.77)&#8221; inactive_tab_background_color=&#8221;rgba(0,0,0,0.78)&#8221; _builder_version=&#8221;4.24.0&#8243; tab_text_color=&#8221;#ffffff&#8221; body_font=&#8221;Raleway|on|||&#8221; body_text_color=&#8221;#ffffff&#8221; tab_font_size=&#8221;12&#8243; background_color=&#8221;rgba(0,0,0,0.65)&#8221; background_size=&#8221;initial&#8221; background_position=&#8221;top_left&#8221; background_repeat=&#8221;repeat&#8221; hover_enabled=&#8221;0&#8243; border_color_all=&#8221;#e09900&#8243; use_border_color=&#8221;on&#8221; global_colors_info=&#8221;{}&#8221; sticky_enabled=&#8221;0&#8243;][et_pb_tab title=&#8221;MAREA VERDE&#8221; _builder_version=&#8221;3.0.106&#8243; body_font=&#8221;||||&#8221; body_line_height=&#8221;2em&#8221; tab_font=&#8221;||||&#8221; tab_line_height=&#8221;2em&#8221; body_line_height_tablet=&#8221;2em&#8221; body_line_height_phone=&#8221;2em&#8221; tab_line_height_tablet=&#8221;2em&#8221; tab_line_height_phone=&#8221;2em&#8221; global_colors_info=&#8221;{}&#8221;]<img loading=\"lazy\" decoding=\"async\" class=\"aligncenter wp-image-6108\" src=\"https:\/\/metrotvla.com\/wp-content\/uploads\/2022\/09\/MAREA-VERDE-209x300.png\" alt=\"\" width=\"376\" height=\"539\" srcset=\"https:\/\/metrotvla.com\/wp-content\/uploads\/2022\/09\/MAREA-VERDE-209x300.png 209w, https:\/\/metrotvla.com\/wp-content\/uploads\/2022\/09\/MAREA-VERDE-768x1101.png 768w, https:\/\/metrotvla.com\/wp-content\/uploads\/2022\/09\/MAREA-VERDE-714x1024.png 714w, https:\/\/metrotvla.com\/wp-content\/uploads\/2022\/09\/MAREA-VERDE-1080x1548.png 1080w, https:\/\/metrotvla.com\/wp-content\/uploads\/2022\/09\/MAREA-VERDE.png 1264w\" sizes=\"auto, (max-width: 376px) 100vw, 376px\" \/><strong>2021<\/strong><\/p>\n<p>Docufilm\/ Current Affairs<\/p>\n<p>1 x 76&#8242;<\/p>\n<div>A Colombian-Argentine production that has followed the feminist struggle for more than 20 years for the legalization of abortion, a social and public health problem that annually leaves dozens of deaths due to the clandestine performance of this procedure. In December 2020, the National Congress passed the Voluntary Interruption of Pregnancy Law in Argentina, becoming the fourth country in Latin America to legalize abortion, after Cuba, Uruguay and Guyana and the states of Oaxaca and CDMX in Mexico. More and more countries are joining this controversial cause from all angles.<\/div>\n<div><\/div>\n<div>Festivals<\/div>\n<div><\/div>\n<div>CHAIN FILM FESTIVAL 2022\u00a0<br aria-hidden=\"true\" \/>WARSAW FILM FESTIVAL 2021<br aria-hidden=\"true\" \/>CHICAGO LATINO FILM FESTIVAL 2020\u00a0\u00a0<br aria-hidden=\"true\" \/>MUZEUM-KINEMATOGRAFII\u00a0 2021 \u00b0<br aria-hidden=\"true\" \/>CINEMATECA URUGUAYA 2021<br aria-hidden=\"true\" \/>SAN DIEGO LATINO FILM FESTIVAL 2021\u00a0<br aria-hidden=\"true\" \/>CINE DEL MAR 2021<br aria-hidden=\"true\" \/>SEATTLE LATINO FILM FESTIVAL 2021\u00a0<br aria-hidden=\"true\" \/>FINCADHPY 2021\u00a0<br aria-hidden=\"true\" \/>FESTIVAL IBEROAMERICANO TIESTRE\u00a0 2021\u00a0<br aria-hidden=\"true\" \/>DOCS MX 2021\u00a0<br aria-hidden=\"true\" \/>FESTIVAL INTERNACIONAL DE CINE COLOMBIANO EN BUENOS AIRES &#8211; FICCBA\u00a0 2020<\/div>\n<div><\/div>\n<p><iframe loading=\"lazy\" src=\"https:\/\/player.vimeo.com\/video\/741255827?h=1c2d510206\" width=\"640\" height=\"360\" frameborder=\"0\" allowfullscreen=\"allowfullscreen\"><\/iframe><\/p>\n<p><a href=\"https:\/\/vimeo.com\/741255827\">MAREA VERDE TRAILER .mp4<\/a> from <a href=\"https:\/\/vimeo.com\/metrotelevision\">METRO TELEVISION<\/a> on <a href=\"https:\/\/vimeo.com\">Vimeo<\/a>.<br \/>\n[\/et_pb_tab][et_pb_tab title=&#8221;FOR THOSE ABOUT TO ROCK&#8221; _builder_version=&#8221;3.0.106&#8243; body_font=&#8221;||||&#8221; body_line_height=&#8221;2em&#8221; tab_font=&#8221;||||&#8221; tab_line_height=&#8221;2em&#8221; body_line_height_tablet=&#8221;2em&#8221; body_line_height_phone=&#8221;2em&#8221; tab_line_height_tablet=&#8221;2em&#8221; tab_line_height_phone=&#8221;2em&#8221; global_colors_info=&#8221;{}&#8221;]<img loading=\"lazy\" decoding=\"async\" class=\"wp-image-6028 aligncenter\" src=\"https:\/\/metrotvla.com\/wp-content\/uploads\/2021\/02\/FTATR_POSTER2016_1500px-1.jpg\" alt=\"\" width=\"380\" height=\"566\" srcset=\"https:\/\/metrotvla.com\/wp-content\/uploads\/2021\/02\/FTATR_POSTER2016_1500px-1.jpg 1500w, https:\/\/metrotvla.com\/wp-content\/uploads\/2021\/02\/FTATR_POSTER2016_1500px-1-202x300.jpg 202w, https:\/\/metrotvla.com\/wp-content\/uploads\/2021\/02\/FTATR_POSTER2016_1500px-1-768x1143.jpg 768w, https:\/\/metrotvla.com\/wp-content\/uploads\/2021\/02\/FTATR_POSTER2016_1500px-1-688x1024.jpg 688w, https:\/\/metrotvla.com\/wp-content\/uploads\/2021\/02\/FTATR_POSTER2016_1500px-1-1080x1607.jpg 1080w\" sizes=\"auto, (max-width: 380px) 100vw, 380px\" \/><strong>2014<\/strong><\/p>\n<p>1 x 90&#8242; HD<\/p>\n<p>For Those About to Rock is a documentary that features the story of Rodrigo S\u00e1nchez and Gabriela Quintero, two Mexicans who decided to take the risk to pursue their dreams to live from what they loved the most: music. The combination of their adventurous spirits, a lot of hard work and a little bit of luck, took them from performing at anonymous hotels and restaurants in Ixtapa, in their native Mexico, to -just a few years afterwards-, playing their acoustic guitars on the stages of the most important venues and festivals around the world. For Those About to Rock narrates their amazing and inspiring journey, which teaches its viewers that is possible to live one&#8217;s wildest dreams.<\/p>\n<p><strong>Awards and Festivals<\/strong><\/p>\n<p>\u2022 Official Selection Hola Mexico Festival 2015<\/p>\n<p>\u2022 Oficial Selection Sheffield Doc fest 2015<\/p>\n<p>\u2022 Official Selection SXSW Film Festival 2014<\/p>\n<p>\u2022 World Premiere SXSW Film Festival 2014<\/p>\n<p>\u2022 Official Selection Cork Film festival 2014<\/p>\n<p>\u2022 Official Selection Mill Valley Film Festival 2014<\/p>\n<p>\u2022 Ambulante Documentary Film Festival<\/p>\n<p>\u2022 Official Selection Los Cabos Film Festival 2014<\/p>\n<p><iframe loading=\"lazy\" src=\"https:\/\/player.vimeo.com\/video\/411069042\" width=\"640\" height=\"360\" frameborder=\"0\" allowfullscreen=\"allowfullscreen\"><\/iframe><\/p>\n<p><a href=\"https:\/\/vimeo.com\/411069042\">For Those About to Rock &#8211; Trailer<\/a> from <a href=\"https:\/\/vimeo.com\/metrotelevision\">METRO TELEVISION<\/a> on <a href=\"https:\/\/vimeo.com\">Vimeo<\/a>.<br \/>\n[\/et_pb_tab][et_pb_tab title=&#8221;ANTES DE QUE SE TIRE LA SAL&#8221; _builder_version=&#8221;3.0.106&#8243; body_font=&#8221;||||&#8221; body_line_height=&#8221;2em&#8221; tab_font=&#8221;||||&#8221; tab_line_height=&#8221;2em&#8221; body_line_height_tablet=&#8221;2em&#8221; body_line_height_phone=&#8221;2em&#8221; tab_line_height_tablet=&#8221;2em&#8221; tab_line_height_phone=&#8221;2em&#8221; global_colors_info=&#8221;{}&#8221;]<img loading=\"lazy\" decoding=\"async\" class=\" wp-image-5286 aligncenter\" src=\"https:\/\/metrotvla.com\/wp-content\/uploads\/2016\/12\/Captura-de-pantalla-2017-09-04-a-las-1.01.49-p.m..png\" alt=\"\" width=\"379\" height=\"531\" srcset=\"https:\/\/metrotvla.com\/wp-content\/uploads\/2016\/12\/Captura-de-pantalla-2017-09-04-a-las-1.01.49-p.m..png 383w, https:\/\/metrotvla.com\/wp-content\/uploads\/2016\/12\/Captura-de-pantalla-2017-09-04-a-las-1.01.49-p.m.-214x300.png 214w\" sizes=\"auto, (max-width: 379px) 100vw, 379px\" \/><\/p>\n<p><strong>2015<\/strong><\/p>\n<p>1 x 90&#8242; HD<\/p>\n<p>Bolivia encloses a sea of salt, heart of the Pachamama\u00a0called Salar de Uyuni, which possesses the\u00a0reservation of the biggest lithium of the world, at the time that it protects from the beams his UV. To eve of\u00a0the energetic change the entire planet will share his\u00a0future and his destination.<\/p>\n<p><strong>Awards and Festivals<\/strong><\/p>\n<p>\u2022 Women in film and televisi\u00f3n, Atlanta.<\/p>\n<p>\u2022 Honorable Mention Kashmir Moving Images Festival.\u00a0India<\/p>\n<p>\u2022 Honorable mention in 5\u00ba Festival de Cine Verde de\u00a0Barichara, Colombia.<\/p>\n<p>\u2022 Pakistan International Mountain Film Festival.\u00a0Lahore Pakistan.<\/p>\n<p>\u2022 RapidLion &#8211; The South African International Film\u00a0Festival. Sud Africa.<\/p>\n<p>\u2022 XI Ecozine 2016 Zaragoza, Espa\u00f1a.<\/p>\n<p>\u2022 The ModconLondon Film Festival. Inglaterra<\/p>\n<p>\u2022 International M\u00e9rida y Yucat\u00e1n Film Festival, M\u00e9xico.<\/p>\n<p><iframe loading=\"lazy\" src=\"https:\/\/player.vimeo.com\/video\/265212037?h=4c2aaee44e&amp;dnt=1&amp;app_id=122963\" width=\"982\" height=\"720\" frameborder=\"0\" allow=\"autoplay; fullscreen; picture-in-picture\" allowfullscreen title=\"Trailer Antes que se tire la sal _ Spilling Salt-HD\"><\/iframe><br \/>\n[\/et_pb_tab][et_pb_tab title=&#8221;CULPABLES DE INOCENCIA&#8221; _builder_version=&#8221;3.0.106&#8243; body_font=&#8221;||||&#8221; body_line_height=&#8221;2em&#8221; tab_font=&#8221;||||&#8221; tab_line_height=&#8221;2em&#8221; body_line_height_tablet=&#8221;2em&#8221; body_line_height_phone=&#8221;2em&#8221; tab_line_height_tablet=&#8221;2em&#8221; tab_line_height_phone=&#8221;2em&#8221; global_colors_info=&#8221;{}&#8221;]<img loading=\"lazy\" decoding=\"async\" class=\" wp-image-5318 aligncenter\" src=\"https:\/\/metrotvla.com\/wp-content\/uploads\/2016\/12\/Culpables-de-inocencia-1.jpg\" alt=\"\" width=\"380\" height=\"530\" srcset=\"https:\/\/metrotvla.com\/wp-content\/uploads\/2016\/12\/Culpables-de-inocencia-1.jpg 454w, https:\/\/metrotvla.com\/wp-content\/uploads\/2016\/12\/Culpables-de-inocencia-1-215x300.jpg 215w\" sizes=\"auto, (max-width: 380px) 100vw, 380px\" \/><\/p>\n<div class=\"uk-htmleditor-preview\">\n<div><strong>2010<\/strong><\/div>\n<div><strong>1 X 90&#8242;<br \/>\n<\/strong><br \/>\nThis story teaches us that innocence can lead to errors that are paid with years of exile from society. Twelve brave women whose love, deception, ignorance and fear, could not avoid their sentence, talk about their lives. They show us how is their life inside, their motivation to keep going, how they adapt to survive the terrors they live as women, how fragile freedom can be, and how hard it is to continue with their lives once they are once again set free to live outside.<\/div>\n<\/div>\n<p><strong>\u00a0<\/strong><br \/>\n[\/et_pb_tab][\/et_pb_tabs][\/et_pb_column][\/et_pb_row][\/et_pb_section]<\/p>\n","protected":false},"excerpt":{"rendered":"<p>DOCUMENTARIES 2021 Docufilm\/ Current Affairs 1 x 76&#8242; A Colombian-Argentine production that has followed the feminist struggle for more than 20 years for the legalization of abortion, a social and public health problem that annually leaves dozens of deaths due to the clandestine performance of this procedure. In December 2020, the National Congress passed the [&hellip;]<\/p>\n","protected":false},"author":1,"featured_media":0,"parent":0,"menu_order":0,"comment_status":"closed","ping_status":"closed","template":"","meta":{"_et_pb_use_builder":"on","_et_pb_old_content":"","_et_gb_content_width":"","footnotes":""},"class_list":["post-4853","page","type-page","status-publish","hentry"],"_links":{"self":[{"href":"https:\/\/metrotvla.com\/en\/wp-json\/wp\/v2\/pages\/4853","targetHints":{"allow":["GET"]}}],"collection":[{"href":"https:\/\/metrotvla.com\/en\/wp-json\/wp\/v2\/pages"}],"about":[{"href":"https:\/\/metrotvla.com\/en\/wp-json\/wp\/v2\/types\/page"}],"author":[{"embeddable":true,"href":"https:\/\/metrotvla.com\/en\/wp-json\/wp\/v2\/users\/1"}],"replies":[{"embeddable":true,"href":"https:\/\/metrotvla.com\/en\/wp-json\/wp\/v2\/comments?post=4853"}],"version-history":[{"count":10,"href":"https:\/\/metrotvla.com\/en\/wp-json\/wp\/v2\/pages\/4853\/revisions"}],"predecessor-version":[{"id":6206,"href":"https:\/\/metrotvla.com\/en\/wp-json\/wp\/v2\/pages\/4853\/revisions\/6206"}],"wp:attachment":[{"href":"https:\/\/metrotvla.com\/en\/wp-json\/wp\/v2\/media?parent=4853"}],"curies":[{"name":"wp","href":"https:\/\/api.w.org\/{rel}","templated":true}]}}